{"id":140,"date":"2019-01-19T14:14:30","date_gmt":"2019-01-19T19:14:30","guid":{"rendered":"http:\/\/a3e.ca\/cgnV6\/?page_id=140"},"modified":"2025-04-08T11:12:24","modified_gmt":"2025-04-08T16:12:24","slug":"accueil","status":"publish","type":"page","link":"https:\/\/golfnapierville.ca\/","title":{"rendered":"Accueil"},"content":{"rendered":"\t\t<div data-elementor-type=\"wp-post\" data-elementor-id=\"140\" class=\"elementor elementor-140\">\n\t\t\t\t\t\t<section class=\"elementor-section elementor-top-section elementor-element elementor-element-49e69c7e elementor-section-boxed elementor-section-height-default elementor-section-height-default\" data-id=\"49e69c7e\" data-element_type=\"section\" data-e-type=\"section\">\n\t\t\t\t\t\t<div class=\"elementor-container elementor-column-gap-default\">\n\t\t\t\t\t<div class=\"elementor-column elementor-col-100 elementor-top-column elementor-element elementor-element-1bc6c387\" data-id=\"1bc6c387\" data-element_type=\"column\" data-e-type=\"column\">\n\t\t\t<div class=\"elementor-widget-wrap elementor-element-populated\">\n\t\t\t\t\t\t<div class=\"elementor-element elementor-element-28ea8eca elementor-widget elementor-widget-text-editor\" data-id=\"28ea8eca\" data-element_type=\"widget\" data-e-type=\"widget\" data-widget_type=\"text-editor.default\">\n\t\t\t\t<div class=\"elementor-widget-container\">\n\t\t\t\t\t\t\t\t\t<p><\/p>\n<h3 class=\"wp-block-heading\">Bienvenue au club de golf de Napierville<strong style=\"font-family: 'Open Sans', sans-serif; color: #313131; font-size: 0px; text-align: center;\">Situ\u00e9\u00a0<\/strong><\/h3>\n<p style=\"text-align: center;\"><span style=\"color: #003300;\"><strong>Fond\u00e9 en 1975, vous appr\u00e9cierez ce magnifique parcours mature. Abordable, il est ouvert au public et disponible pour vos tournois.<\/strong><\/span><br \/><span style=\"color: #003300;\"><strong>Cette normale de 72, munie d\u2019un syst\u00e8me d\u2019irrigation, offre une vari\u00e9t\u00e9 int\u00e9ressante de difficult\u00e9s et repr\u00e9sente un d\u00e9fi de choix quel que soit le calibre de votre jeu.<\/strong><\/span><\/p>\n<p style=\"text-align: center;\"><strong style=\"color: #003300;\">Situ\u00e9 \u00e0 environ 20 minutes du pont Champlain, vous y acc\u00e9dez par l\u2019autoroute 15 sud, en empruntant la sortie 21.<\/strong><strong style=\"color: #313131; font-size: 0px;\">\u00e0 environ 20 minutes du pont Champlain, vous y acc\u00e9dez par l\u2019autoroute 15 sud, en empruntant la sortie 21.<\/strong><\/p>\n<p><\/p>\t\t\t\t\t\t\t\t<\/div>\n\t\t\t\t<\/div>\n\t\t\t\t\t<\/div>\n\t\t<\/div>\n\t\t\t\t\t<\/div>\n\t\t<\/section>\n\t\t\t\t<section class=\"elementor-section elementor-top-section elementor-element elementor-element-04df827 elementor-section-boxed elementor-section-height-default elementor-section-height-default\" data-id=\"04df827\" data-element_type=\"section\" data-e-type=\"section\">\n\t\t\t\t\t\t<div class=\"elementor-container elementor-column-gap-default\">\n\t\t\t\t\t<div class=\"elementor-column elementor-col-100 elementor-top-column elementor-element elementor-element-c9d0774\" data-id=\"c9d0774\" data-element_type=\"column\" data-e-type=\"column\">\n\t\t\t<div class=\"elementor-widget-wrap elementor-element-populated\">\n\t\t\t\t\t\t<div class=\"elementor-element elementor-element-b413f6f elementor-shape-rounded elementor-grid-0 e-grid-align-center elementor-widget elementor-widget-social-icons\" data-id=\"b413f6f\" data-element_type=\"widget\" data-e-type=\"widget\" data-widget_type=\"social-icons.default\">\n\t\t\t\t<div class=\"elementor-widget-container\">\n\t\t\t\t\t\t\t<div class=\"elementor-social-icons-wrapper elementor-grid\" role=\"list\">\n\t\t\t\t\t\t\t<span class=\"elementor-grid-item\" role=\"listitem\">\n\t\t\t\t\t<a class=\"elementor-icon elementor-social-icon elementor-social-icon-facebook-f elementor-repeater-item-044d90a\" href=\"https:\/\/www.facebook.com\/profile.php?id=61573712944299\" target=\"_blank\">\n\t\t\t\t\t\t<span class=\"elementor-screen-only\">Facebook-f<\/span>\n\t\t\t\t\t\t<i aria-hidden=\"true\" class=\"fab fa-facebook-f\"><\/i>\t\t\t\t\t<\/a>\n\t\t\t\t<\/span>\n\t\t\t\t\t\t\t<span class=\"elementor-grid-item\" role=\"listitem\">\n\t\t\t\t\t<a class=\"elementor-icon elementor-social-icon elementor-social-icon-envelope elementor-repeater-item-566d389\" href=\"mailto:administration@golfnapierville.ca\" target=\"_blank\">\n\t\t\t\t\t\t<span class=\"elementor-screen-only\">Envelope<\/span>\n\t\t\t\t\t\t<i aria-hidden=\"true\" class=\"fas fa-envelope\"><\/i>\t\t\t\t\t<\/a>\n\t\t\t\t<\/span>\n\t\t\t\t\t<\/div>\n\t\t\t\t\t\t<\/div>\n\t\t\t\t<\/div>\n\t\t\t\t\t<\/div>\n\t\t<\/div>\n\t\t\t\t\t<\/div>\n\t\t<\/section>\n\t\t\t\t<\/div>\n\t\t","protected":false},"excerpt":{"rendered":"<p>Bienvenue au club de golf de NapiervilleSitu\u00e9\u00a0 Fond\u00e9 en 1975, vous appr\u00e9cierez ce magnifique parcours mature. Abordable, il est ouvert au public et disponible pour vos tournois.Cette normale de 72, munie d\u2019un syst\u00e8me d\u2019irrigation, offre une vari\u00e9t\u00e9 int\u00e9ressante de difficult\u00e9s [&hellip;]<\/p>\n","protected":false},"author":1,"featured_media":0,"parent":0,"menu_order":0,"comment_status":"closed","ping_status":"closed","template":"page-templates\/page_fullwidth.php","meta":{"footnotes":""},"class_list":["post-140","page","type-page","status-publish","hentry","clearfix"],"_links":{"self":[{"href":"https:\/\/golfnapierville.ca\/index.php?rest_route=\/wp\/v2\/pages\/140","targetHints":{"allow":["GET"]}}],"collection":[{"href":"https:\/\/golfnapierville.ca\/index.php?rest_route=\/wp\/v2\/pages"}],"about":[{"href":"https:\/\/golfnapierville.ca\/index.php?rest_route=\/wp\/v2\/types\/page"}],"author":[{"embeddable":true,"href":"https:\/\/golfnapierville.ca\/index.php?rest_route=\/wp\/v2\/users\/1"}],"replies":[{"embeddable":true,"href":"https:\/\/golfnapierville.ca\/index.php?rest_route=%2Fwp%2Fv2%2Fcomments&post=140"}],"version-history":[{"count":39,"href":"https:\/\/golfnapierville.ca\/index.php?rest_route=\/wp\/v2\/pages\/140\/revisions"}],"predecessor-version":[{"id":1507,"href":"https:\/\/golfnapierville.ca\/index.php?rest_route=\/wp\/v2\/pages\/140\/revisions\/1507"}],"wp:attachment":[{"href":"https:\/\/golfnapierville.ca\/index.php?rest_route=%2Fwp%2Fv2%2Fmedia&parent=140"}],"curies":[{"name":"wp","href":"https:\/\/api.w.org\/{rel}","templated":true}]}}