{"id":922,"date":"2022-03-27T21:01:41","date_gmt":"2022-03-28T02:01:41","guid":{"rendered":"https:\/\/golfnapierville.ca\/?page_id=922"},"modified":"2025-03-23T11:01:00","modified_gmt":"2025-03-23T16:01:00","slug":"restauration","status":"publish","type":"page","link":"https:\/\/golfnapierville.ca\/installations\/restauration\/","title":{"rendered":"Restauration"},"content":{"rendered":"\t\t<div data-elementor-type=\"wp-page\" data-elementor-id=\"922\" class=\"elementor elementor-922\">\n\t\t\t\t\t\t<section class=\"elementor-section elementor-top-section elementor-element elementor-element-c6cb6ba elementor-section-boxed elementor-section-height-default elementor-section-height-default\" data-id=\"c6cb6ba\" data-element_type=\"section\" data-e-type=\"section\">\n\t\t\t\t\t\t<div class=\"elementor-container elementor-column-gap-default\">\n\t\t\t\t\t<div class=\"elementor-column elementor-col-100 elementor-top-column elementor-element elementor-element-6cb03b5\" data-id=\"6cb03b5\" data-element_type=\"column\" data-e-type=\"column\">\n\t\t\t<div class=\"elementor-widget-wrap elementor-element-populated\">\n\t\t\t\t\t\t<div class=\"elementor-element elementor-element-45a53bd elementor-widget elementor-widget-text-editor\" data-id=\"45a53bd\" data-element_type=\"widget\" data-e-type=\"widget\" data-widget_type=\"text-editor.default\">\n\t\t\t\t<div class=\"elementor-widget-container\">\n\t\t\t\t\t\t\t\t\t<ul><li>Cantine (hot-dog, sandwich, caf\u00e9, liqueur, bi\u00e8re)<\/li><li>Bar (bi\u00e8re. vin. spiritueux)<\/li><li>Service de traiteur disponible pour tournoi ou autres \u00e9v\u00e9nements.<\/li><li>R\u00e9servation de salle avec service de bar disponible.<\/li><\/ul>\t\t\t\t\t\t\t\t<\/div>\n\t\t\t\t<\/div>\n\t\t\t\t\t<\/div>\n\t\t<\/div>\n\t\t\t\t\t<\/div>\n\t\t<\/section>\n\t\t\t\t<\/div>\n\t\t","protected":false},"excerpt":{"rendered":"<p>Cantine (hot-dog, sandwich, caf\u00e9, liqueur, bi\u00e8re) Bar (bi\u00e8re. vin. spiritueux) Service de traiteur disponible pour tournoi ou autres \u00e9v\u00e9nements. R\u00e9servation de salle avec service de bar disponible.<\/p>\n","protected":false},"author":1,"featured_media":0,"parent":216,"menu_order":0,"comment_status":"closed","ping_status":"closed","template":"","meta":{"footnotes":""},"class_list":["post-922","page","type-page","status-publish","hentry","clearfix"],"_links":{"self":[{"href":"https:\/\/golfnapierville.ca\/wp-json\/wp\/v2\/pages\/922","targetHints":{"allow":["GET"]}}],"collection":[{"href":"https:\/\/golfnapierville.ca\/wp-json\/wp\/v2\/pages"}],"about":[{"href":"https:\/\/golfnapierville.ca\/wp-json\/wp\/v2\/types\/page"}],"author":[{"embeddable":true,"href":"https:\/\/golfnapierville.ca\/wp-json\/wp\/v2\/users\/1"}],"replies":[{"embeddable":true,"href":"https:\/\/golfnapierville.ca\/wp-json\/wp\/v2\/comments?post=922"}],"version-history":[{"count":32,"href":"https:\/\/golfnapierville.ca\/wp-json\/wp\/v2\/pages\/922\/revisions"}],"predecessor-version":[{"id":1478,"href":"https:\/\/golfnapierville.ca\/wp-json\/wp\/v2\/pages\/922\/revisions\/1478"}],"up":[{"embeddable":true,"href":"https:\/\/golfnapierville.ca\/wp-json\/wp\/v2\/pages\/216"}],"wp:attachment":[{"href":"https:\/\/golfnapierville.ca\/wp-json\/wp\/v2\/media?parent=922"}],"curies":[{"name":"wp","href":"https:\/\/api.w.org\/{rel}","templated":true}]}}